{"id":1536,"date":"2023-06-04T21:31:35","date_gmt":"2023-06-05T00:31:35","guid":{"rendered":"https:\/\/tamarana.pr.gov.br\/novo\/?page_id=1536"},"modified":"2025-11-10T15:00:33","modified_gmt":"2025-11-10T18:00:33","slug":"lei-de-acesso-a-informacao","status":"publish","type":"page","link":"https:\/\/tamarana.pr.gov.br\/novo\/lei-de-acesso-a-informacao\/","title":{"rendered":"Lei de Acesso \u00e0 Informa\u00e7\u00e3o"},"content":{"rendered":"<h1>Lei de Acesso \u00e0 Informa\u00e7\u00e3o<\/h1>\n<p>A Lei Federal n\u00famero\u00a0<a href=\"http:\/\/www.planalto.gov.br\/ccivil_03\/_Ato2011-2014\/2011\/Lei\/L12527.htm\" target=\"_blank\" rel=\"noreferrer noopener\">12.527\/2011<\/a>\u00a0garante ao cidad\u00e3o o direito constitucional de acesso \u00e0s informa\u00e7\u00f5es p\u00fablicas.<br \/>\nA Prefeitura do Munic\u00edpio de Tamarana disponibiliza, no\u00a0<a href=\"https:\/\/e-gov.betha.com.br\/transparencia\/01037-137\/recursos.faces?mun=AA_Ys2A-YHg=\">Portal da Transpar\u00eancia<\/a>, as seguintes informa\u00e7\u00f5es:<\/p>\n<ul>\n<li>Informa\u00e7\u00f5es sobre fun\u00e7\u00f5es, compet\u00eancias, estrutura organizacional e instru\u00e7\u00f5es normativas, decretos e Leis municipais.<\/li>\n<li>Detalhes sobre repasses e transfer\u00eancias de recursos efetuados pelo Munic\u00edpio de Tamarana.<\/li>\n<li>Informa\u00e7\u00f5es sobre a execu\u00e7\u00e3o or\u00e7ament\u00e1ria e financeira do Munic\u00edpio de Tamarana.<\/li>\n<li>Informa\u00e7\u00f5es sobre licita\u00e7\u00f5es, contratos, contrata\u00e7\u00f5es, e atas de registro de pre\u00e7os firmadas pelo Munic\u00edpio de Tamarana.<\/li>\n<li>Informa\u00e7\u00f5es sobre provimento de cargos e rela\u00e7\u00e3o dos servidores p\u00fablicos lotados ou em exerc\u00edcio no Munic\u00edpio de Tamarana.<\/li>\n<li>Portal da Transpar\u00eancia<br \/>\n<h4><strong>SIC F\u00cdSICO<\/strong><\/h4>\n<p>Respons\u00e1vel: Cristina Seidler (Controladora Interna) Endere\u00e7o: Rua Evaristo Camargo, 245 Bairro: Centro, CEP: 86125-000<\/li>\n<li>E-mail: <a href=\"mailto:controleinterno@tamarana.pr.gov.br\" target=\"_blank\" rel=\"noopener\" data-v-a6fbcc0c=\"\">controleinterno@tamarana.pr.gov.br<\/a><\/li>\n<li>Telefone: (43) 3398-1995<\/li>\n<li>Site:\u00a0<a href=\"https:\/\/tamarana.pr.gov.br\/\" target=\"_blank\" rel=\"noopener\" data-v-a6fbcc0c=\"\">https:\/\/tamarana.pr.gov.br\/<\/a>Hor\u00e1rio de atendimento: Hor\u00e1rio de atendimento: 9h \u00e0s 12h \u2013 14h \u00e0s 17h<\/li>\n<li><strong>Qualquer cidad\u00e3o<\/strong> pode protocolar seu pedido de informa\u00e7\u00e3o, totalmente online, atrav\u00e9s do sistema de pedidos, <em><strong>confira abaixo<\/strong><\/em> pelo <strong>bot\u00e3o de solicita\u00e7\u00e3o ou pelo bot\u00e3o de acompanhamento<\/strong> pelo n\u00famero de protocolo:<\/li>\n<\/ul>\n<p><img decoding=\"async\" src=\"https:\/\/tamarana.pr.gov.br\/novo\/wp-content\/uploads\/2023\/05\/info_icon.png\" sizes=\"(max-width: 125px) 100vw, 125px\" srcset=\"https:\/\/tamarana.pr.gov.br\/novo\/wp-content\/uploads\/2023\/05\/info_icon.png 125w, https:\/\/tamarana.pr.gov.br\/novo\/wp-content\/uploads\/2023\/05\/elementor\/thumbs\/info_icon-q775p28vdawh8gtwes509b2zbcf4h0b5uq7ymfnkco.png 20w\" alt=\"\" width=\"125\" height=\"126\" \/><br \/>\n<a role=\"button\" href=\"https:\/\/transparencia.betha.cloud\/#\/LPKvw0Np5ys5GKy-tPwaUg==\/acesso-informacao\/solicitacao-acesso-informacao\"><br \/>\nSolicitar acesso \u00e0 Informa\u00e7\u00e3o<br \/>\n<\/a><br \/>\n<a role=\"button\" href=\"https:\/\/transparencia.betha.cloud\/#\/LPKvw0Np5ys5GKy-tPwaUg==\/consulta-acesso-informacao\"><br \/>\nAcompanhar solicita\u00e7\u00e3o de acesso \u00e0 informa\u00e7\u00e3o pelo protocolo<br \/>\n<\/a><br \/>\n<a role=\"button\" href=\"https:\/\/tamarana.pr.gov.br\/novo\/portal-da-transparencia\/\"><br \/>\nPortal da Transpar\u00eancia<br \/>\n<\/a><br \/>\n<a role=\"button\" href=\"https:\/\/tamarana.pr.gov.br\/novo\/diario-oficial\/\"><br \/>\nDi\u00e1rio Oficial<br \/>\n<\/a><\/p>\n","protected":false},"excerpt":{"rendered":"<p>Lei de Acesso \u00e0 Informa\u00e7\u00e3o A Lei Federal n\u00famero\u00a012.527\/2011\u00a0garante ao cidad\u00e3o o direito constitucional de acesso \u00e0s informa\u00e7\u00f5es p\u00fablicas. A Prefeitura do Munic\u00edpio de Tamarana disponibiliza, no\u00a0Portal da Transpar\u00eancia, as seguintes informa\u00e7\u00f5es: Informa\u00e7\u00f5es sobre fun\u00e7\u00f5es, compet\u00eancias, estrutura organizacional e instru\u00e7\u00f5es normativas, decretos e Leis municipais. Detalhes sobre repasses e transfer\u00eancias de recursos efetuados pelo Munic\u00edpio [&hellip;]<\/p>\n","protected":false},"author":2,"featured_media":0,"parent":0,"menu_order":0,"comment_status":"closed","ping_status":"closed","template":"elementor_header_footer","meta":{"_mc_calendar":[],"footnotes":""},"class_list":["post-1536","page","type-page","status-publish","hentry"],"_links":{"self":[{"href":"https:\/\/tamarana.pr.gov.br\/novo\/wp-json\/wp\/v2\/pages\/1536","targetHints":{"allow":["GET"]}}],"collection":[{"href":"https:\/\/tamarana.pr.gov.br\/novo\/wp-json\/wp\/v2\/pages"}],"about":[{"href":"https:\/\/tamarana.pr.gov.br\/novo\/wp-json\/wp\/v2\/types\/page"}],"author":[{"embeddable":true,"href":"https:\/\/tamarana.pr.gov.br\/novo\/wp-json\/wp\/v2\/users\/2"}],"replies":[{"embeddable":true,"href":"https:\/\/tamarana.pr.gov.br\/novo\/wp-json\/wp\/v2\/comments?post=1536"}],"version-history":[{"count":24,"href":"https:\/\/tamarana.pr.gov.br\/novo\/wp-json\/wp\/v2\/pages\/1536\/revisions"}],"predecessor-version":[{"id":4877,"href":"https:\/\/tamarana.pr.gov.br\/novo\/wp-json\/wp\/v2\/pages\/1536\/revisions\/4877"}],"wp:attachment":[{"href":"https:\/\/tamarana.pr.gov.br\/novo\/wp-json\/wp\/v2\/media?parent=1536"}],"curies":[{"name":"wp","href":"https:\/\/api.w.org\/{rel}","templated":true}]}}