{"id":864,"date":"2023-06-02T16:55:25","date_gmt":"2023-06-02T19:55:25","guid":{"rendered":"https:\/\/tamarana.pr.gov.br\/novo\/?page_id=864"},"modified":"2025-11-11T17:19:52","modified_gmt":"2025-11-11T20:19:52","slug":"ouvidoria","status":"publish","type":"page","link":"https:\/\/tamarana.pr.gov.br\/novo\/ouvidoria\/","title":{"rendered":"Ouvidoria"},"content":{"rendered":"\t\t<div data-elementor-type=\"wp-page\" data-elementor-id=\"864\" class=\"elementor elementor-864\" data-elementor-post-type=\"page\">\n\t\t\t\t\t\t<section class=\"elementor-section elementor-top-section elementor-element elementor-element-58857cef elementor-section-boxed elementor-section-height-default elementor-section-height-default\" data-id=\"58857cef\" data-element_type=\"section\" data-e-type=\"section\" data-settings=\"{&quot;background_background&quot;:&quot;classic&quot;}\">\n\t\t\t\t\t\t\t<div class=\"elementor-background-overlay\"><\/div>\n\t\t\t\t\t\t\t<div class=\"elementor-container elementor-column-gap-no\">\n\t\t\t\t\t<div class=\"elementor-column elementor-col-100 elementor-top-column elementor-element elementor-element-1b4ae259\" data-id=\"1b4ae259\" data-element_type=\"column\" data-e-type=\"column\">\n\t\t\t<div class=\"elementor-widget-wrap elementor-element-populated\">\n\t\t\t\t\t\t<div class=\"elementor-element elementor-element-2c41f578 elementor-widget elementor-widget-heading\" data-id=\"2c41f578\" data-element_type=\"widget\" data-e-type=\"widget\" data-widget_type=\"heading.default\">\n\t\t\t\t<div class=\"elementor-widget-container\">\n\t\t\t\t\t<h1 class=\"elementor-heading-title elementor-size-default\">Ouvidoria<\/h1>\t\t\t\t<\/div>\n\t\t\t\t<\/div>\n\t\t\t\t\t<\/div>\n\t\t<\/div>\n\t\t\t\t\t<\/div>\n\t\t<\/section>\n\t\t\t\t<section class=\"elementor-section elementor-top-section elementor-element elementor-element-652662c7 elementor-section-boxed elementor-section-height-default elementor-section-height-default\" data-id=\"652662c7\" data-element_type=\"section\" data-e-type=\"section\" data-settings=\"{&quot;background_background&quot;:&quot;classic&quot;}\">\n\t\t\t\t\t\t<div class=\"elementor-container elementor-column-gap-default\">\n\t\t\t\t\t<div class=\"elementor-column elementor-col-100 elementor-top-column elementor-element elementor-element-534bfec\" data-id=\"534bfec\" data-element_type=\"column\" data-e-type=\"column\">\n\t\t\t<div class=\"elementor-widget-wrap elementor-element-populated\">\n\t\t\t\t\t\t<div class=\"elementor-element elementor-element-146a9751 elementor-widget elementor-widget-spacer\" data-id=\"146a9751\" data-element_type=\"widget\" data-e-type=\"widget\" data-widget_type=\"spacer.default\">\n\t\t\t\t<div class=\"elementor-widget-container\">\n\t\t\t\t\t\t\t<div class=\"elementor-spacer\">\n\t\t\t<div class=\"elementor-spacer-inner\"><\/div>\n\t\t<\/div>\n\t\t\t\t\t\t<\/div>\n\t\t\t\t<\/div>\n\t\t\t\t\t<\/div>\n\t\t<\/div>\n\t\t\t\t\t<\/div>\n\t\t<\/section>\n\t\t\t\t<section class=\"elementor-section elementor-top-section elementor-element elementor-element-6d23963 elementor-section-boxed elementor-section-height-default elementor-section-height-default\" data-id=\"6d23963\" data-element_type=\"section\" data-e-type=\"section\">\n\t\t\t\t\t\t<div class=\"elementor-container elementor-column-gap-default\">\n\t\t\t\t\t<div class=\"elementor-column elementor-col-50 elementor-top-column elementor-element elementor-element-9a350b8\" data-id=\"9a350b8\" data-element_type=\"column\" data-e-type=\"column\">\n\t\t\t<div class=\"elementor-widget-wrap elementor-element-populated\">\n\t\t\t\t\t\t<div class=\"elementor-element elementor-element-2ac1d54 elementor-widget elementor-widget-text-editor\" data-id=\"2ac1d54\" data-element_type=\"widget\" data-e-type=\"widget\" data-widget_type=\"text-editor.default\">\n\t\t\t\t<div class=\"elementor-widget-container\">\n\t\t\t\t\t\t\t\t\t<h1><strong>S.I.C<\/strong><br \/>Controle Interno:<\/h1><ul><li>Respons\u00e1vel:\u00a0<span lang=\"PT-BR\" style=\"font-size: 12.0pt; line-height: 115%; font-family: 'Arial',sans-serif; mso-fareast-font-family: Calibri; mso-fareast-theme-font: minor-latin; mso-ansi-language: PT-BR; mso-fareast-language: EN-US; mso-bidi-language: AR-SA;\">Cristina Seidler<\/span><\/li><li>Telefone: (43)3398-1995<\/li><li>E-mail: controleinterno@tamarana.pr.gov.br<\/li><li>Hor\u00e1rio de atendimento: 9h \u00e0s 12h &#8211; 14h \u00e0s 17h<\/li><\/ul><h1>Lei da Ouvidoria<\/h1><ul><li><a href=\"http:\/\/leismunicipa.is\/2gccd\">1581\/2025<\/a><\/li><\/ul><p>\u00a0<\/p>\t\t\t\t\t\t\t\t<\/div>\n\t\t\t\t<\/div>\n\t\t\t\t<div class=\"elementor-element elementor-element-2557a9f elementor-button-info elementor-widget elementor-widget-button\" data-id=\"2557a9f\" data-element_type=\"widget\" data-e-type=\"widget\" data-widget_type=\"button.default\">\n\t\t\t\t<div class=\"elementor-widget-container\">\n\t\t\t\t\t\t\t\t\t<div class=\"elementor-button-wrapper\">\n\t\t\t\t\t<a class=\"elementor-button elementor-button-link elementor-size-sm\" href=\"https:\/\/transparencia.betha.cloud\/#\/LPKvw0Np5ys5GKy-tPwaUg==\/acesso-informacao\/solicitacao-acesso-informacao\">\n\t\t\t\t\t\t<span class=\"elementor-button-content-wrapper\">\n\t\t\t\t\t\t\t\t\t<span class=\"elementor-button-text\">Solicitar acesso \u00e0 Informa\u00e7\u00e3o<\/span>\n\t\t\t\t\t<\/span>\n\t\t\t\t\t<\/a>\n\t\t\t\t<\/div>\n\t\t\t\t\t\t\t\t<\/div>\n\t\t\t\t<\/div>\n\t\t\t\t<div class=\"elementor-element elementor-element-4162e3e elementor-button-info elementor-widget elementor-widget-button\" data-id=\"4162e3e\" data-element_type=\"widget\" data-e-type=\"widget\" data-widget_type=\"button.default\">\n\t\t\t\t<div class=\"elementor-widget-container\">\n\t\t\t\t\t\t\t\t\t<div class=\"elementor-button-wrapper\">\n\t\t\t\t\t<a class=\"elementor-button elementor-button-link elementor-size-sm\" href=\"https:\/\/transparencia.betha.cloud\/#\/LPKvw0Np5ys5GKy-tPwaUg==\/consulta-acesso-informacao\">\n\t\t\t\t\t\t<span class=\"elementor-button-content-wrapper\">\n\t\t\t\t\t\t\t\t\t<span class=\"elementor-button-text\">Acompanhar solicita\u00e7\u00e3o de acesso \u00e0 informa\u00e7\u00e3o pelo protocolo<\/span>\n\t\t\t\t\t<\/span>\n\t\t\t\t\t<\/a>\n\t\t\t\t<\/div>\n\t\t\t\t\t\t\t\t<\/div>\n\t\t\t\t<\/div>\n\t\t\t\t\t<\/div>\n\t\t<\/div>\n\t\t\t\t<div class=\"elementor-column elementor-col-50 elementor-top-column elementor-element elementor-element-d53996d\" data-id=\"d53996d\" data-element_type=\"column\" data-e-type=\"column\">\n\t\t\t<div class=\"elementor-widget-wrap elementor-element-populated\">\n\t\t\t\t\t\t<div class=\"elementor-element elementor-element-297c144 elementor-widget elementor-widget-image\" data-id=\"297c144\" data-element_type=\"widget\" data-e-type=\"widget\" data-widget_type=\"image.default\">\n\t\t\t\t<div class=\"elementor-widget-container\">\n\t\t\t\t\t\t\t\t\t\t\t\t\t\t\t<img decoding=\"async\" width=\"125\" height=\"126\" src=\"https:\/\/tamarana.pr.gov.br\/novo\/wp-content\/uploads\/2023\/05\/info_icon.png\" class=\"attachment-large size-large wp-image-380\" alt=\"\" srcset=\"https:\/\/tamarana.pr.gov.br\/novo\/wp-content\/uploads\/2023\/05\/info_icon.png 125w, https:\/\/tamarana.pr.gov.br\/novo\/wp-content\/uploads\/2023\/05\/elementor\/thumbs\/info_icon-q775p28vdawh8gtwes509b2zbcf4h0b5uq7ymfnkco.png 20w\" sizes=\"(max-width: 125px) 100vw, 125px\" \/>\t\t\t\t\t\t\t\t\t\t\t\t\t\t\t<\/div>\n\t\t\t\t<\/div>\n\t\t\t\t\t<\/div>\n\t\t<\/div>\n\t\t\t\t\t<\/div>\n\t\t<\/section>\n\t\t\t\t<\/div>\n\t\t","protected":false},"excerpt":{"rendered":"<p>Ouvidoria S.I.CControle Interno: Respons\u00e1vel:\u00a0Cristina Seidler Telefone: (43)3398-1995 E-mail: controleinterno@tamarana.pr.gov.br Hor\u00e1rio de atendimento: 9h \u00e0s 12h &#8211; 14h \u00e0s 17h Lei da Ouvidoria 1581\/2025 \u00a0 Solicitar acesso \u00e0 Informa\u00e7\u00e3o Acompanhar solicita\u00e7\u00e3o de acesso \u00e0 informa\u00e7\u00e3o pelo protocolo<\/p>\n","protected":false},"author":2,"featured_media":0,"parent":0,"menu_order":0,"comment_status":"closed","ping_status":"closed","template":"elementor_header_footer","meta":{"_mc_calendar":[],"footnotes":""},"class_list":["post-864","page","type-page","status-publish","hentry"],"_links":{"self":[{"href":"https:\/\/tamarana.pr.gov.br\/novo\/wp-json\/wp\/v2\/pages\/864","targetHints":{"allow":["GET"]}}],"collection":[{"href":"https:\/\/tamarana.pr.gov.br\/novo\/wp-json\/wp\/v2\/pages"}],"about":[{"href":"https:\/\/tamarana.pr.gov.br\/novo\/wp-json\/wp\/v2\/types\/page"}],"author":[{"embeddable":true,"href":"https:\/\/tamarana.pr.gov.br\/novo\/wp-json\/wp\/v2\/users\/2"}],"replies":[{"embeddable":true,"href":"https:\/\/tamarana.pr.gov.br\/novo\/wp-json\/wp\/v2\/comments?post=864"}],"version-history":[{"count":24,"href":"https:\/\/tamarana.pr.gov.br\/novo\/wp-json\/wp\/v2\/pages\/864\/revisions"}],"predecessor-version":[{"id":4899,"href":"https:\/\/tamarana.pr.gov.br\/novo\/wp-json\/wp\/v2\/pages\/864\/revisions\/4899"}],"wp:attachment":[{"href":"https:\/\/tamarana.pr.gov.br\/novo\/wp-json\/wp\/v2\/media?parent=864"}],"curies":[{"name":"wp","href":"https:\/\/api.w.org\/{rel}","templated":true}]}}